{"id":1136,"date":"2019-05-21T09:13:19","date_gmt":"2019-05-21T09:13:19","guid":{"rendered":"https:\/\/www.domeassistance.be\/blog\/"},"modified":"2020-10-22T08:42:52","modified_gmt":"2020-10-22T08:42:52","slug":"blog","status":"publish","type":"page","link":"https:\/\/www.domeassistance.be\/fr\/blog\/","title":{"rendered":"Blog"},"content":{"rendered":"\t\t<div data-elementor-type=\"wp-post\" data-elementor-id=\"1136\" class=\"elementor elementor-1136 elementor-495\" data-elementor-settings=\"{&quot;enable_dceScrolling&quot;:&quot;yes&quot;,&quot;scroll_viewport&quot;:&quot;#outer-wrap&quot;,&quot;scroll_contentScroll&quot;:&quot;#wrap&quot;,&quot;scroll_id_page&quot;:1136}\">\n\t\t\t<div class=\"elementor-inner\">\n\t\t\t\t<div class=\"elementor-section-wrap\">\n\t\t\t\t\t\t\t<section class=\"elementor-element elementor-element-9c66efa elementor-section-boxed elementor-section-height-default elementor-section-height-default elementor-section elementor-top-section\" data-id=\"9c66efa\" data-element_type=\"section\">\n\t\t\t\t\t\t<div class=\"elementor-container elementor-column-gap-default\">\n\t\t\t\t<div class=\"elementor-row\">\n\t\t\t\t<div class=\"elementor-element elementor-element-997b4f2 elementor-column elementor-col-100 elementor-top-column\" data-id=\"997b4f2\" data-element_type=\"column\">\n\t\t\t<div class=\"elementor-column-wrap  elementor-element-populated\">\n\t\t\t\t\t<div class=\"elementor-widget-wrap\">\n\t\t\t\t<div class=\"elementor-element elementor-element-c95e8b0 elementor-widget elementor-widget-heading\" data-id=\"c95e8b0\" data-element_type=\"widget\" data-widget_type=\"heading.default\">\n\t\t\t\t<div class=\"elementor-widget-container\">\n\t\t\t<h1 class=\"elementor-heading-title elementor-size-default\">What's new<\/h1>\t\t<\/div>\n\t\t\t\t<\/div>\n\t\t\t\t<div class=\"elementor-element elementor-element-6ee6267 elementor-posts--align-left elementor-grid-3 elementor-grid-tablet-2 elementor-grid-mobile-1 elementor-posts--thumbnail-top elementor-widget elementor-widget-posts\" data-id=\"6ee6267\" data-element_type=\"widget\" data-settings=\"{&quot;classic_columns&quot;:&quot;3&quot;,&quot;classic_columns_tablet&quot;:&quot;2&quot;,&quot;classic_columns_mobile&quot;:&quot;1&quot;,&quot;classic_row_gap&quot;:{&quot;unit&quot;:&quot;px&quot;,&quot;size&quot;:35,&quot;sizes&quot;:[]}}\" data-widget_type=\"posts.classic\">\n\t\t\t\t<div class=\"elementor-widget-container\">\n\t\t\t\t\t<div class=\"elementor-posts-container elementor-posts elementor-grid elementor-posts--skin-classic\">\n\t\t\t\t<article class=\"elementor-post elementor-grid-item post-1150 post type-post status-publish format-standard has-post-thumbnail hentry entry\">\n\t\t\t\t<a class=\"elementor-post__thumbnail__link\" href=\"https:\/\/www.domeassistance.be\/fr\/covid-19\/\">\n\t\t\t<div class=\"elementor-post__thumbnail\"><img loading=\"lazy\" decoding=\"async\" width=\"300\" height=\"226\" src=\"https:\/\/www.domeassistance.be\/wp-content\/uploads\/2020\/03\/Coronavirus-300x226.png\" class=\"attachment-medium size-medium\" alt=\"\" srcset=\"https:\/\/www.domeassistance.be\/wp-content\/uploads\/2020\/03\/Coronavirus-300x226.png 300w, https:\/\/www.domeassistance.be\/wp-content\/uploads\/2020\/03\/Coronavirus.png 636w\" sizes=\"auto, (max-width: 34.9rem) calc(100vw - 2rem), (max-width: 53rem) calc(8 * (100vw \/ 12)), (min-width: 53rem) calc(6 * (100vw \/ 12)), 100vw\" \/><\/div>\n\t\t<\/a>\n\t\t\t\t<div class=\"elementor-post__text\">\n\t\t\t\t<h3 class=\"elementor-post__title\">\n\t\t\t<a href=\"https:\/\/www.domeassistance.be\/fr\/covid-19\/\">\n\t\t\t\tCOVID-19\t\t\t<\/a>\n\t\t<\/h3>\n\t\t\t\t<div class=\"elementor-post__meta-data\">\n\t\t\t\t\t<span class=\"elementor-post-date\">\n\t\t\t17 octobre 2020\t\t<\/span>\n\t\t\t\t<\/div>\n\t\t\t\t<div class=\"elementor-post__excerpt\">\n\t\t\t<p>Corona instructievideo Dome Assistance Dienstencheques<\/p>\n\t\t<\/div>\n\t\t\t\t<\/div>\n\t\t\t\t<\/article>\n\t\t\t\t<article class=\"elementor-post elementor-grid-item post-1154 post type-post status-publish format-standard has-post-thumbnail hentry tag-dome-charter-fr tag-huishouden-fr tag-poetsen-fr tag-vrt-fr entry\">\n\t\t\t\t<a class=\"elementor-post__thumbnail__link\" href=\"https:\/\/www.domeassistance.be\/fr\/la-bonne-aide-menagere-na-pas-encore-croise-votre-chemin\/\">\n\t\t\t<div class=\"elementor-post__thumbnail\"><img loading=\"lazy\" decoding=\"async\" width=\"300\" height=\"200\" src=\"https:\/\/www.domeassistance.be\/wp-content\/uploads\/2019\/07\/GettyImages-934884504-300x200.jpg\" class=\"attachment-medium size-medium\" alt=\"\" srcset=\"https:\/\/www.domeassistance.be\/wp-content\/uploads\/2019\/07\/GettyImages-934884504-300x200.jpg 300w, https:\/\/www.domeassistance.be\/wp-content\/uploads\/2019\/07\/GettyImages-934884504.jpg 724w\" sizes=\"auto, (max-width: 34.9rem) calc(100vw - 2rem), (max-width: 53rem) calc(8 * (100vw \/ 12)), (min-width: 53rem) calc(6 * (100vw \/ 12)), 100vw\" \/><\/div>\n\t\t<\/a>\n\t\t\t\t<div class=\"elementor-post__text\">\n\t\t\t\t<h3 class=\"elementor-post__title\">\n\t\t\t<a href=\"https:\/\/www.domeassistance.be\/fr\/la-bonne-aide-menagere-na-pas-encore-croise-votre-chemin\/\">\n\t\t\t\tAVIS: La bonne aide-m\u00e9nag\u00e8re n&rsquo;a pas encore crois\u00e9 votre chemin\t\t\t<\/a>\n\t\t<\/h3>\n\t\t\t\t<div class=\"elementor-post__meta-data\">\n\t\t\t\t\t<span class=\"elementor-post-date\">\n\t\t\t1 juillet 2019\t\t<\/span>\n\t\t\t\t<\/div>\n\t\t\t\t<div class=\"elementor-post__excerpt\">\n\t\t\t<p>Comment rendre le travail d&rsquo;aide-m\u00e9nag\u00e8re plus attractif, se demande Erika Tuypens? Elle r\u00e9dige cet article d&rsquo;opinion dans son d\u00e9sir d&rsquo;augmenter le bien-\u00eatre de ses employ\u00e9s<\/p>\n\t\t<\/div>\n\t\t\t\t<\/div>\n\t\t\t\t<\/article>\n\t\t\t\t<article class=\"elementor-post elementor-grid-item post-1158 post type-post status-publish format-standard has-post-thumbnail hentry entry\">\n\t\t\t\t<a class=\"elementor-post__thumbnail__link\" href=\"https:\/\/www.domeassistance.be\/fr\/agreable-reception-pour-remercier-tous-nos-dome-assistants-pour-leurs-bons-efforts-et-leur-engagement-envers-notre-entreprise\/\">\n\t\t\t<div class=\"elementor-post__thumbnail\"><img loading=\"lazy\" decoding=\"async\" width=\"300\" height=\"251\" src=\"https:\/\/www.domeassistance.be\/wp-content\/uploads\/2019\/06\/Facebook-14-300x251.png\" class=\"attachment-medium size-medium\" alt=\"\" srcset=\"https:\/\/www.domeassistance.be\/wp-content\/uploads\/2019\/06\/Facebook-14-300x251.png 300w, https:\/\/www.domeassistance.be\/wp-content\/uploads\/2019\/06\/Facebook-14-768x644.png 768w, https:\/\/www.domeassistance.be\/wp-content\/uploads\/2019\/06\/Facebook-14.png 940w\" sizes=\"auto, (max-width: 34.9rem) calc(100vw - 2rem), (max-width: 53rem) calc(8 * (100vw \/ 12)), (min-width: 53rem) calc(6 * (100vw \/ 12)), 100vw\" \/><\/div>\n\t\t<\/a>\n\t\t\t\t<div class=\"elementor-post__text\">\n\t\t\t\t<h3 class=\"elementor-post__title\">\n\t\t\t<a href=\"https:\/\/www.domeassistance.be\/fr\/agreable-reception-pour-remercier-tous-nos-dome-assistants-pour-leurs-bons-efforts-et-leur-engagement-envers-notre-entreprise\/\">\n\t\t\t\tAgr\u00e9able r\u00e9ception pour remercier tous nos Dome Assistants pour leurs bons efforts et leur engagement envers notre entreprise\t\t\t<\/a>\n\t\t<\/h3>\n\t\t\t\t<div class=\"elementor-post__meta-data\">\n\t\t\t\t\t<span class=\"elementor-post-date\">\n\t\t\t18 juin 2019\t\t<\/span>\n\t\t\t\t<\/div>\n\t\t\t\t<div class=\"elementor-post__excerpt\">\n\t\t\t<p>Le samedi 15 juin, nous avons mis nos collaborateurs \u00e0 l&rsquo;honneur \u00e0 l&rsquo;occasion de la Journ\u00e9e du Nettoyage. Avec un verre de cava et des<\/p>\n\t\t<\/div>\n\t\t\t\t<\/div>\n\t\t\t\t<\/article>\n\t\t\t\t<article class=\"elementor-post elementor-grid-item post-1191 post type-post status-publish format-standard has-post-thumbnail hentry entry\">\n\t\t\t\t<a class=\"elementor-post__thumbnail__link\" href=\"https:\/\/www.domeassistance.be\/fr\/dome-assistance-est-le-premier-a-mettre-en-place-une-charte-pour-optimiser-la-cooperation-entre-les-aides-menageres-et-les-clients-28-fevrier-2019\/\">\n\t\t\t<div class=\"elementor-post__thumbnail\"><img loading=\"lazy\" decoding=\"async\" width=\"300\" height=\"151\" src=\"https:\/\/www.domeassistance.be\/wp-content\/uploads\/2019\/02\/Dome-Charter-300x151.png\" class=\"attachment-medium size-medium\" alt=\"\" srcset=\"https:\/\/www.domeassistance.be\/wp-content\/uploads\/2019\/02\/Dome-Charter-300x151.png 300w, https:\/\/www.domeassistance.be\/wp-content\/uploads\/2019\/02\/Dome-Charter-768x388.png 768w, https:\/\/www.domeassistance.be\/wp-content\/uploads\/2019\/02\/Dome-Charter-1024x517.png 1024w, https:\/\/www.domeassistance.be\/wp-content\/uploads\/2019\/02\/Dome-Charter-1568x791.png 1568w, https:\/\/www.domeassistance.be\/wp-content\/uploads\/2019\/02\/Dome-Charter.png 2000w\" sizes=\"auto, (max-width: 34.9rem) calc(100vw - 2rem), (max-width: 53rem) calc(8 * (100vw \/ 12)), (min-width: 53rem) calc(6 * (100vw \/ 12)), 100vw\" \/><\/div>\n\t\t<\/a>\n\t\t\t\t<div class=\"elementor-post__text\">\n\t\t\t\t<h3 class=\"elementor-post__title\">\n\t\t\t<a href=\"https:\/\/www.domeassistance.be\/fr\/dome-assistance-est-le-premier-a-mettre-en-place-une-charte-pour-optimiser-la-cooperation-entre-les-aides-menageres-et-les-clients-28-fevrier-2019\/\">\n\t\t\t\tDome Assistance est le premier \u00e0 mettre en place une charte pour optimiser la coop\u00e9ration entre les aides m\u00e9nag\u00e8res et les clients 28 f\u00e9vrier 2019\t\t\t<\/a>\n\t\t<\/h3>\n\t\t\t\t<div class=\"elementor-post__meta-data\">\n\t\t\t\t\t<span class=\"elementor-post-date\">\n\t\t\t28 f\u00e9vrier 2019\t\t<\/span>\n\t\t\t\t<\/div>\n\t\t\t\t<div class=\"elementor-post__excerpt\">\n\t\t\t<p>\u201cPour que les assistants de nettoyage se sentent bien dans leur peau\u201d La soci\u00e9t\u00e9 de titre-service Dome Assistance est la premi\u00e8re entreprise du secteur en<\/p>\n\t\t<\/div>\n\t\t\t\t<\/div>\n\t\t\t\t<\/article>\n\t\t\t\t<article class=\"elementor-post elementor-grid-item post-1195 post type-post status-publish format-standard has-post-thumbnail hentry entry\">\n\t\t\t\t<a class=\"elementor-post__thumbnail__link\" href=\"https:\/\/www.domeassistance.be\/fr\/le-meilleur-derika-tuypens\/\">\n\t\t\t<div class=\"elementor-post__thumbnail\"><img loading=\"lazy\" decoding=\"async\" width=\"300\" height=\"198\" src=\"https:\/\/www.domeassistance.be\/wp-content\/uploads\/2019\/02\/Dome-CEO-759x500-2-300x198.jpg\" class=\"attachment-medium size-medium\" alt=\"\" srcset=\"https:\/\/www.domeassistance.be\/wp-content\/uploads\/2019\/02\/Dome-CEO-759x500-2-300x198.jpg 300w, https:\/\/www.domeassistance.be\/wp-content\/uploads\/2019\/02\/Dome-CEO-759x500-2.jpg 759w\" sizes=\"auto, (max-width: 34.9rem) calc(100vw - 2rem), (max-width: 53rem) calc(8 * (100vw \/ 12)), (min-width: 53rem) calc(6 * (100vw \/ 12)), 100vw\" \/><\/div>\n\t\t<\/a>\n\t\t\t\t<div class=\"elementor-post__text\">\n\t\t\t\t<h3 class=\"elementor-post__title\">\n\t\t\t<a href=\"https:\/\/www.domeassistance.be\/fr\/le-meilleur-derika-tuypens\/\">\n\t\t\t\tLe meilleur d&rsquo;Erika Tuypens\t\t\t<\/a>\n\t\t<\/h3>\n\t\t\t\t<div class=\"elementor-post__meta-data\">\n\t\t\t\t\t<span class=\"elementor-post-date\">\n\t\t\t13 d\u00e9cembre 2018\t\t<\/span>\n\t\t\t\t<\/div>\n\t\t\t\t<div class=\"elementor-post__excerpt\">\n\t\t\t<p>Il y a douze ans, Erika Tuypens a fond\u00e9 la soci\u00e9t\u00e9 de titre-service Dome Assistance. L&rsquo;entrepreneur de la flandre orientale croit en la force de<\/p>\n\t\t<\/div>\n\t\t\t\t<\/div>\n\t\t\t\t<\/article>\n\t\t\t\t<article class=\"elementor-post elementor-grid-item post-1198 post type-post status-publish format-standard has-post-thumbnail hentry entry\">\n\t\t\t\t<a class=\"elementor-post__thumbnail__link\" href=\"https:\/\/www.domeassistance.be\/fr\/charte-du-secteur-de-laide-menagere\/\">\n\t\t\t<div class=\"elementor-post__thumbnail\"><img loading=\"lazy\" decoding=\"async\" width=\"300\" height=\"200\" src=\"https:\/\/www.domeassistance.be\/wp-content\/uploads\/2018\/11\/Charter-voor-de-poetshulpsector-300x200.jpg\" class=\"attachment-medium size-medium\" alt=\"\" srcset=\"https:\/\/www.domeassistance.be\/wp-content\/uploads\/2018\/11\/Charter-voor-de-poetshulpsector-300x200.jpg 300w, https:\/\/www.domeassistance.be\/wp-content\/uploads\/2018\/11\/Charter-voor-de-poetshulpsector-768x512.jpg 768w, https:\/\/www.domeassistance.be\/wp-content\/uploads\/2018\/11\/Charter-voor-de-poetshulpsector-1024x683.jpg 1024w, https:\/\/www.domeassistance.be\/wp-content\/uploads\/2018\/11\/Charter-voor-de-poetshulpsector-1568x1045.jpg 1568w, https:\/\/www.domeassistance.be\/wp-content\/uploads\/2018\/11\/Charter-voor-de-poetshulpsector.jpg 2000w\" sizes=\"auto, (max-width: 34.9rem) calc(100vw - 2rem), (max-width: 53rem) calc(8 * (100vw \/ 12)), (min-width: 53rem) calc(6 * (100vw \/ 12)), 100vw\" \/><\/div>\n\t\t<\/a>\n\t\t\t\t<div class=\"elementor-post__text\">\n\t\t\t\t<h3 class=\"elementor-post__title\">\n\t\t\t<a href=\"https:\/\/www.domeassistance.be\/fr\/charte-du-secteur-de-laide-menagere\/\">\n\t\t\t\tCharte du secteur de l\u2019aide-m\u00e9nag\u00e8re\t\t\t<\/a>\n\t\t<\/h3>\n\t\t\t\t<div class=\"elementor-post__meta-data\">\n\t\t\t\t\t<span class=\"elementor-post-date\">\n\t\t\t12 novembre 2018\t\t<\/span>\n\t\t\t\t<\/div>\n\t\t\t\t<div class=\"elementor-post__excerpt\">\n\t\t\t<p>La communication est la cl\u00e9 qui ouvre la porte au respect mutuel et conduit \u00e0 une relation durable entre le client de l&rsquo;aide-m\u00e9nag\u00e8re et l&rsquo;aide-m\u00e9nag\u00e8re.<\/p>\n\t\t<\/div>\n\t\t\t\t<\/div>\n\t\t\t\t<\/article>\n\t\t\t\t<article class=\"elementor-post elementor-grid-item post-1202 post type-post status-publish format-standard has-post-thumbnail hentry entry\">\n\t\t\t\t<a class=\"elementor-post__thumbnail__link\" href=\"https:\/\/www.domeassistance.be\/fr\/dome-assistance-continue-sur-la-voie-du-soulagement-de-ses-collaborateurs-et-promeut-la-qualite-de-laide-menagere\/\">\n\t\t\t<div class=\"elementor-post__thumbnail\"><img loading=\"lazy\" decoding=\"async\" width=\"300\" height=\"200\" src=\"https:\/\/www.domeassistance.be\/wp-content\/uploads\/2018\/05\/Dome-Assistance-gaat-verder-op-het-pad-van-ontzorging-van-haar-werknemers-en-bevordert-de-kwaliteit-in-de-huishoudhulp-300x200.jpg\" class=\"attachment-medium size-medium\" alt=\"\" srcset=\"https:\/\/www.domeassistance.be\/wp-content\/uploads\/2018\/05\/Dome-Assistance-gaat-verder-op-het-pad-van-ontzorging-van-haar-werknemers-en-bevordert-de-kwaliteit-in-de-huishoudhulp-300x200.jpg 300w, https:\/\/www.domeassistance.be\/wp-content\/uploads\/2018\/05\/Dome-Assistance-gaat-verder-op-het-pad-van-ontzorging-van-haar-werknemers-en-bevordert-de-kwaliteit-in-de-huishoudhulp-768x512.jpg 768w, https:\/\/www.domeassistance.be\/wp-content\/uploads\/2018\/05\/Dome-Assistance-gaat-verder-op-het-pad-van-ontzorging-van-haar-werknemers-en-bevordert-de-kwaliteit-in-de-huishoudhulp-1024x683.jpg 1024w, https:\/\/www.domeassistance.be\/wp-content\/uploads\/2018\/05\/Dome-Assistance-gaat-verder-op-het-pad-van-ontzorging-van-haar-werknemers-en-bevordert-de-kwaliteit-in-de-huishoudhulp-1568x1045.jpg 1568w, https:\/\/www.domeassistance.be\/wp-content\/uploads\/2018\/05\/Dome-Assistance-gaat-verder-op-het-pad-van-ontzorging-van-haar-werknemers-en-bevordert-de-kwaliteit-in-de-huishoudhulp.jpg 2000w\" sizes=\"auto, (max-width: 34.9rem) calc(100vw - 2rem), (max-width: 53rem) calc(8 * (100vw \/ 12)), (min-width: 53rem) calc(6 * (100vw \/ 12)), 100vw\" \/><\/div>\n\t\t<\/a>\n\t\t\t\t<div class=\"elementor-post__text\">\n\t\t\t\t<h3 class=\"elementor-post__title\">\n\t\t\t<a href=\"https:\/\/www.domeassistance.be\/fr\/dome-assistance-continue-sur-la-voie-du-soulagement-de-ses-collaborateurs-et-promeut-la-qualite-de-laide-menagere\/\">\n\t\t\t\tDome Assistance continue sur la voie du soulagement de ses collaborateurs et promeut la qualit\u00e9 de l&rsquo;aide m\u00e9nag\u00e8re\t\t\t<\/a>\n\t\t<\/h3>\n\t\t\t\t<div class=\"elementor-post__meta-data\">\n\t\t\t\t\t<span class=\"elementor-post-date\">\n\t\t\t11 mai 2018\t\t<\/span>\n\t\t\t\t<\/div>\n\t\t\t\t<div class=\"elementor-post__excerpt\">\n\t\t\t<p>Il y a un si\u00e8cle, il \u00e9tait d\u00e9fini comme un symbole de statut pour employer des travailleurs domestiques. Le statut dans lequel ces personnes \u00e9taient<\/p>\n\t\t<\/div>\n\t\t\t\t<\/div>\n\t\t\t\t<\/article>\n\t\t\t\t<\/div>\n\t\t\t\t<\/div>\n\t\t\t\t<\/div>\n\t\t\t\t\t\t<\/div>\n\t\t\t<\/div>\n\t\t<\/div>\n\t\t\t\t\t\t<\/div>\n\t\t\t<\/div>\n\t\t<\/section>\n\t\t\t\t\t\t<\/div>\n\t\t\t<\/div>\n\t\t<\/div>\n\t\t","protected":false},"excerpt":{"rendered":"<p>What&rsquo;s new<\/p>\n","protected":false},"author":8,"featured_media":0,"parent":0,"menu_order":0,"comment_status":"closed","ping_status":"closed","template":"elementor_header_footer","meta":{"footnotes":""},"class_list":["post-1136","page","type-page","status-publish","hentry","entry"],"_links":{"self":[{"href":"https:\/\/www.domeassistance.be\/fr\/wp-json\/wp\/v2\/pages\/1136\/"}],"collection":[{"href":"https:\/\/www.domeassistance.be\/fr\/wp-json\/wp\/v2\/pages\/"}],"about":[{"href":"https:\/\/www.domeassistance.be\/fr\/wp-json\/wp\/v2\/types\/page\/"}],"author":[{"embeddable":true,"href":"https:\/\/www.domeassistance.be\/fr\/wp-json\/wp\/v2\/users\/8\/"}],"replies":[{"embeddable":true,"href":"https:\/\/www.domeassistance.be\/fr\/wp-json\/wp\/v2\/comments\/?post=1136"}],"version-history":[{"count":1,"href":"https:\/\/www.domeassistance.be\/fr\/wp-json\/wp\/v2\/pages\/1136\/revisions\/"}],"predecessor-version":[{"id":1137,"href":"https:\/\/www.domeassistance.be\/fr\/wp-json\/wp\/v2\/pages\/1136\/revisions\/1137\/"}],"wp:attachment":[{"href":"https:\/\/www.domeassistance.be\/fr\/wp-json\/wp\/v2\/media\/?parent=1136"}],"curies":[{"name":"wp","href":"https:\/\/api.w.org\/{rel}","templated":true}]}}